{"id":7,"date":"2026-04-20T15:25:16","date_gmt":"2026-04-20T15:25:16","guid":{"rendered":"https:\/\/svpbeo.ch\/?page_id=7"},"modified":"2026-04-20T16:20:10","modified_gmt":"2026-04-20T16:20:10","slug":"svp-berner-oberland","status":"publish","type":"page","link":"https:\/\/svpbeo.ch\/","title":{"rendered":"SVP Berner Oberland"},"content":{"rendered":"\t\t<div data-elementor-type=\"wp-page\" data-elementor-id=\"7\" class=\"elementor elementor-7\" data-elementor-post-type=\"page\">\n\t\t\t\t<div class=\"elementor-element elementor-element-727ed5c e-flex e-con-boxed e-con e-parent\" data-id=\"727ed5c\" data-element_type=\"container\" data-e-type=\"container\" data-settings=\"{&quot;background_background&quot;:&quot;classic&quot;}\">\n\t\t\t\t\t<div class=\"e-con-inner\">\n\t\t<div class=\"elementor-element elementor-element-5ed5dd3 e-con-full e-flex e-con e-child\" data-id=\"5ed5dd3\" data-element_type=\"container\" data-e-type=\"container\">\n\t\t\t\t\t\t\t<h2 \n\t\tdata-interaction-id=\"3eb3c95\" \n\t\tclass=\"e-heading-base\" \n\t\t \n\t\tdata-e-type=\"widget\" data-id=\"3eb3c95\"\n\t>\n\t\n\t\t\t<strong>Grossrats- und Regierungsratswahlen 2026<\/strong>\n\t\t<\/h2>\n\t\t\t\t\t\t\t\n\t\t<img class=\"e-image-base \" \n\t\t\t\t\tdata-interaction-id=\"1b5701d\" \n\t\t \n\t\t data-e-type=\"widget\" data-id=\"1b5701d\"\n\t\t\t\t\t\t\t\t\tid=\"25\"\n\t\t\t\t\t\t\t\t\t\t\t\tsrc=\"https:\/\/svpbeo.ch\/wp-content\/uploads\/2026\/04\/Insta-Post-Grosser-Rat-768x960.png\"\n\t\t\t\t\t\t\t\t\t\t\t\twidth=\"768\"\n\t\t\t\t\t\t\t\t\t\t\t\theight=\"960\"\n\t\t\t\t\t\t\t\t\t\t\t\tsrcset=\"https:\/\/svpbeo.ch\/wp-content\/uploads\/2026\/04\/Insta-Post-Grosser-Rat-768x960.png 768w, https:\/\/svpbeo.ch\/wp-content\/uploads\/2026\/04\/Insta-Post-Grosser-Rat-240x300.png 240w, https:\/\/svpbeo.ch\/wp-content\/uploads\/2026\/04\/Insta-Post-Grosser-Rat-819x1024.png 819w, https:\/\/svpbeo.ch\/wp-content\/uploads\/2026\/04\/Insta-Post-Grosser-Rat-1229x1536.png 1229w, https:\/\/svpbeo.ch\/wp-content\/uploads\/2026\/04\/Insta-Post-Grosser-Rat-1638x2048.png 1638w, https:\/\/svpbeo.ch\/wp-content\/uploads\/2026\/04\/Insta-Post-Grosser-Rat-scaled.png 2048w\"\n\t\t\t\t\t\t\t\t\t\t\t\talt=\"Grossratswahlen 2026\"\n\t\t\t\t\t\t\/>\n\t\t\t\t\t<\/div>\n\t\t\t\t\t\n<hr class=\"e-divider-base\" data-interaction-id=\"f16a1f4\"  data-e-type=\"widget\" data-id=\"f16a1f4\" \/>\n\t\t<div class=\"elementor-element elementor-element-2a72497 e-con-full e-flex e-con e-child\" data-id=\"2a72497\" data-element_type=\"container\" data-e-type=\"container\">\n\t\t\t\t\t\t\t<h2 \n\t\tdata-interaction-id=\"fd424a7\" \n\t\tclass=\"e-heading-base\" \n\t\t \n\t\tdata-e-type=\"widget\" data-id=\"fd424a7\"\n\t>\n\t\n\t\t\t<strong>Die Nationalr\u00e4te unseres Wahlkreises<\/strong>\n\t\t<\/h2>\n\t\t\t\t\t\t\t\n\t\t<img class=\"e-image-base \" \n\t\t\t\t\tdata-interaction-id=\"fd95903\" \n\t\t \n\t\t data-e-type=\"widget\" data-id=\"fd95903\"\n\t\t\t\t\t\t\t\t\tid=\"29\"\n\t\t\t\t\t\t\t\t\t\t\t\tsrc=\"https:\/\/svpbeo.ch\/wp-content\/uploads\/2026\/04\/Foto-rechts-scaled.jpg\"\n\t\t\t\t\t\t\t\t\t\t\t\twidth=\"2560\"\n\t\t\t\t\t\t\t\t\t\t\t\theight=\"2560\"\n\t\t\t\t\t\t\t\t\t\t\t\tsrcset=\"https:\/\/svpbeo.ch\/wp-content\/uploads\/2026\/04\/Foto-rechts-scaled.jpg 2560w, https:\/\/svpbeo.ch\/wp-content\/uploads\/2026\/04\/Foto-rechts-300x300.jpg 300w, https:\/\/svpbeo.ch\/wp-content\/uploads\/2026\/04\/Foto-rechts-1024x1024.jpg 1024w, https:\/\/svpbeo.ch\/wp-content\/uploads\/2026\/04\/Foto-rechts-150x150.jpg 150w, https:\/\/svpbeo.ch\/wp-content\/uploads\/2026\/04\/Foto-rechts-768x768.jpg 768w, https:\/\/svpbeo.ch\/wp-content\/uploads\/2026\/04\/Foto-rechts-1536x1536.jpg 1536w, https:\/\/svpbeo.ch\/wp-content\/uploads\/2026\/04\/Foto-rechts-2048x2048.jpg 2048w\"\n\t\t\t\t\t\t\t\t\t\t\t\talt=\"Nationalrat Thomas Knutti\"\n\t\t\t\t\t\t\/>\n\t\t\t\t\t<div class=\"elementor-element elementor-element-806d02a elementor-widget elementor-widget-text-editor\" data-id=\"806d02a\" data-element_type=\"widget\" data-e-type=\"widget\" data-widget_type=\"text-editor.default\">\n\t\t\t\t\t\t\t\t\t<p>Thomas Knutti, Nationalrat<\/p>\t\t\t\t\t\t\t\t<\/div>\n\t\t\t\t\t\t\t\n\t\t<img class=\"e-image-base \" \n\t\t\t\t\tdata-interaction-id=\"23afcfd\" \n\t\t \n\t\t data-e-type=\"widget\" data-id=\"23afcfd\"\n\t\t\t\t\t\t\t\t\tid=\"31\"\n\t\t\t\t\t\t\t\t\t\t\t\tsrc=\"https:\/\/svpbeo.ch\/wp-content\/uploads\/2026\/04\/278462823_4536473519790800_6759335246441613409_n.jpg\"\n\t\t\t\t\t\t\t\t\t\t\t\twidth=\"2048\"\n\t\t\t\t\t\t\t\t\t\t\t\theight=\"2048\"\n\t\t\t\t\t\t\t\t\t\t\t\tsrcset=\"https:\/\/svpbeo.ch\/wp-content\/uploads\/2026\/04\/278462823_4536473519790800_6759335246441613409_n.jpg 2048w, https:\/\/svpbeo.ch\/wp-content\/uploads\/2026\/04\/278462823_4536473519790800_6759335246441613409_n-300x300.jpg 300w, https:\/\/svpbeo.ch\/wp-content\/uploads\/2026\/04\/278462823_4536473519790800_6759335246441613409_n-1024x1024.jpg 1024w, https:\/\/svpbeo.ch\/wp-content\/uploads\/2026\/04\/278462823_4536473519790800_6759335246441613409_n-150x150.jpg 150w, https:\/\/svpbeo.ch\/wp-content\/uploads\/2026\/04\/278462823_4536473519790800_6759335246441613409_n-768x768.jpg 768w, https:\/\/svpbeo.ch\/wp-content\/uploads\/2026\/04\/278462823_4536473519790800_6759335246441613409_n-1536x1536.jpg 1536w\"\n\t\t\t\t\t\t\t\t\t\t\t\talt=\"Ernst Wandfluh, Nationalrat\"\n\t\t\t\t\t\t\/>\n\t\t\t\t\t<div class=\"elementor-element elementor-element-8575cfd elementor-widget elementor-widget-text-editor\" data-id=\"8575cfd\" data-element_type=\"widget\" data-e-type=\"widget\" data-widget_type=\"text-editor.default\">\n\t\t\t\t\t\t\t\t\t<p>Ernst Wandfluh, Nationalrat<\/p>\t\t\t\t\t\t\t\t<\/div>\n\t\t\t\t<\/div>\n\t\t<div class=\"elementor-element elementor-element-fed3926 e-con-full e-flex e-con e-child\" data-id=\"fed3926\" data-element_type=\"container\" data-e-type=\"container\">\n\t\t\t\t<div class=\"elementor-element elementor-element-e9314b2 elementor-widget-divider--view-line elementor-widget elementor-widget-divider\" data-id=\"e9314b2\" data-element_type=\"widget\" data-e-type=\"widget\" data-widget_type=\"divider.default\">\n\t\t\t\t\t\t\t<div class=\"elementor-divider\">\n\t\t\t<span class=\"elementor-divider-separator\">\n\t\t\t\t\t\t<\/span>\n\t\t<\/div>\n\t\t\t\t\t\t<\/div>\n\t\t\t\t<div class=\"elementor-element elementor-element-abfe094 elementor-widget elementor-widget-text-editor\" data-id=\"abfe094\" data-element_type=\"widget\" data-e-type=\"widget\" data-widget_type=\"text-editor.default\">\n\t\t\t\t\t\t\t\t\t<p>Der 35-j\u00e4hrige Bruno Stucki aus Wimmis wurde am Dienstag zum neuen Pr\u00e4sidenten des SVP Wahlkreisverbandes Oberland gew\u00e4hlt. Sein Vorg\u00e4nger Thomas Knutti war zw\u00f6lf Jahre Pr\u00e4sident vom Wahlkreisverband und musste wegen der Amtszeitbeschr\u00e4nkung aufh\u00f6ren, wie einer Medienmitteilung zu entnehmen ist.<\/p><p>\u00abThomas hat sein Amt sehr gut gef\u00fchrt, ich werde es im gleichen Rahmen weiterf\u00fchren\u00bb sagte der Wimmiser nach seiner Wahl.<\/p><p>Knutti war hocherfreut, so einen kompetenten Nachfolger im Amt zu wissen: \u00abBruno wird das schon machen, da habe ich keine Sorge.\u00bb Der Wimmiser bringe Erfahrung aus sechs Jahren als Pr\u00e4sident (2012 bis 2018) des SVP Kreisverband Frutigen-Niedersimmental mit. Zudem sei Stucki noch Vizepr\u00e4sident bei der Sektion Wimmis und Gemeinderat.<\/p>\t\t\t\t\t\t\t\t<\/div>\n\t\t\t\t<\/div>\n\t\t<div class=\"elementor-element elementor-element-0ef5044 e-con-full e-flex e-con e-child\" data-id=\"0ef5044\" data-element_type=\"container\" data-e-type=\"container\">\n\t\t\t\t<div class=\"elementor-element elementor-element-e305e02 elementor-widget-divider--view-line elementor-widget elementor-widget-divider\" data-id=\"e305e02\" data-element_type=\"widget\" data-e-type=\"widget\" data-widget_type=\"divider.default\">\n\t\t\t\t\t\t\t<div class=\"elementor-divider\">\n\t\t\t<span class=\"elementor-divider-separator\">\n\t\t\t\t\t\t<\/span>\n\t\t<\/div>\n\t\t\t\t\t\t<\/div>\n\t\t\t\t\t\t\t<h2 \n\t\tdata-interaction-id=\"0f91703\" \n\t\tclass=\"e-heading-base\" \n\t\t \n\t\tdata-e-type=\"widget\" data-id=\"0f91703\"\n\t>\n\t\n\t\t\t<strong>Bruno Stucki als neuer Pr\u00e4sident<\/strong>\n\t\t<\/h2>\n\t\t\t\t\t\t\t\n\t\t<img class=\"e-image-base \" \n\t\t\t\t\tdata-interaction-id=\"abb06bf\" \n\t\t \n\t\t data-e-type=\"widget\" data-id=\"abb06bf\"\n\t\t\t\t\t\t\t\t\tid=\"32\"\n\t\t\t\t\t\t\t\t\t\t\t\tsrc=\"https:\/\/svpbeo.ch\/wp-content\/uploads\/2026\/04\/gosimg10UC02000155634080b3000012018xb6.jpg\"\n\t\t\t\t\t\t\t\t\t\t\t\twidth=\"512\"\n\t\t\t\t\t\t\t\t\t\t\t\theight=\"341\"\n\t\t\t\t\t\t\t\t\t\t\t\tsrcset=\"https:\/\/svpbeo.ch\/wp-content\/uploads\/2026\/04\/gosimg10UC02000155634080b3000012018xb6.jpg 512w, https:\/\/svpbeo.ch\/wp-content\/uploads\/2026\/04\/gosimg10UC02000155634080b3000012018xb6-300x200.jpg 300w\"\n\t\t\t\t\t\t\t\t\t\t\t\talt=\"Bruno Stucki, Pr\u00e4sident SVP Wahlkreisverband Oberland\"\n\t\t\t\t\t\t\/>\n\t\t\t\t\t<div class=\"elementor-element elementor-element-58a0642 elementor-widget elementor-widget-text-editor\" data-id=\"58a0642\" data-element_type=\"widget\" data-e-type=\"widget\" data-widget_type=\"text-editor.default\">\n\t\t\t\t\t\t\t\t\t<p>Der SVP Wahlkreisverband Oberland w\u00e4hlte einen neuen Pr\u00e4sidenten. Bruno Stucki \u00fcbernimmt neu dieses Amt.<\/p>\t\t\t\t\t\t\t\t<\/div>\n\t\t\t\t<\/div>\n\t\t\t\t\t<\/div>\n\t\t\t\t<\/div>\n\t\t\t\t<\/div>\n\t\t","protected":false},"excerpt":{"rendered":"<p>Grossrats- und Regierungsratswahlen 2026 Die Nationalr\u00e4te unseres Wahlkreises Thomas Knutti, Nationalrat Ernst Wandfluh, Nationalrat Der 35-j\u00e4hrige Bruno Stucki aus Wimmis wurde am Dienstag zum neuen Pr\u00e4sidenten des SVP Wahlkreisverbandes Oberland gew\u00e4hlt. Sein Vorg\u00e4nger Thomas Knutti war zw\u00f6lf Jahre Pr\u00e4sident vom Wahlkreisverband und musste wegen der Amtszeitbeschr\u00e4nkung aufh\u00f6ren, wie einer Medienmitteilung zu entnehmen ist. \u00abThomas hat [&hellip;]<\/p>\n","protected":false},"author":1,"featured_media":0,"parent":0,"menu_order":0,"comment_status":"closed","ping_status":"closed","template":"","meta":{"footnotes":""},"class_list":["post-7","page","type-page","status-publish","hentry"],"_links":{"self":[{"href":"https:\/\/svpbeo.ch\/index.php?rest_route=\/wp\/v2\/pages\/7","targetHints":{"allow":["GET"]}}],"collection":[{"href":"https:\/\/svpbeo.ch\/index.php?rest_route=\/wp\/v2\/pages"}],"about":[{"href":"https:\/\/svpbeo.ch\/index.php?rest_route=\/wp\/v2\/types\/page"}],"author":[{"embeddable":true,"href":"https:\/\/svpbeo.ch\/index.php?rest_route=\/wp\/v2\/users\/1"}],"replies":[{"embeddable":true,"href":"https:\/\/svpbeo.ch\/index.php?rest_route=%2Fwp%2Fv2%2Fcomments&post=7"}],"version-history":[{"count":13,"href":"https:\/\/svpbeo.ch\/index.php?rest_route=\/wp\/v2\/pages\/7\/revisions"}],"predecessor-version":[{"id":56,"href":"https:\/\/svpbeo.ch\/index.php?rest_route=\/wp\/v2\/pages\/7\/revisions\/56"}],"wp:attachment":[{"href":"https:\/\/svpbeo.ch\/index.php?rest_route=%2Fwp%2Fv2%2Fmedia&parent=7"}],"curies":[{"name":"wp","href":"https:\/\/api.w.org\/{rel}","templated":true}]}}